{"id":92,"date":"2025-10-09T13:59:48","date_gmt":"2025-10-09T18:29:48","guid":{"rendered":"https:\/\/www.upafv.edu.ve\/?page_id=92"},"modified":"2025-10-09T13:59:48","modified_gmt":"2025-10-09T18:29:48","slug":"objetivos-estrategicos","status":"publish","type":"page","link":"https:\/\/www.upafv.edu.ve\/index.php\/objetivos-estrategicos\/","title":{"rendered":"OBJETIVOS ESTRAT\u00c9GICOS"},"content":{"rendered":"\n\n\t<p>La Universidad Popular del Ambiente \u00abFruto Vivas\u00bb tendr\u00e1 los siguientes objetivos estrat\u00e9gicos:<\/p>\n<ol>\n<li>Propiciar estudios acad\u00e9micos de formaci\u00f3n continua, formal y no formal, y procesos de investigaci\u00f3n, a trav\u00e9s de los programas a nivel de pregrado y postgrado autorizados por el Ministerio del Poder Popular con competencia en materia de educaci\u00f3n universitaria.<\/li>\n<li>Contribuir con la universalizaci\u00f3n de la educaci\u00f3n universitaria, articulando las acciones del Subsistema de Educaci\u00f3n Universitaria con las Grandes Misiones, Misiones, Micro-misiones, Programas Sociales y dem\u00e1s formas de organizaci\u00f3n del poder popular.<\/li>\n<li>Promover el enriquecimiento y fortalecimiento de una conciencia cr\u00edtica y acci\u00f3n transformadora que contribuyan a la preservaci\u00f3n de la vida en la Madre Tierra.<\/li>\n<li>Garantizar la creaci\u00f3n e intercambio de saberes ambientales, tecnol\u00f3gicos y populares, pertinentes a las din\u00e1micas territoriales.<\/li>\n<li>Promover y ejecutar planes, programas y proyectos que permitan la organizaci\u00f3n y participaci\u00f3n popular para proteger el ambiente.<\/li>\n<\/ol>\n\n","protected":false},"excerpt":{"rendered":"<p>La Universidad Popular del Ambiente \u00abFruto Vivas\u00bb tendr\u00e1 los siguientes objetivos estrat\u00e9gicos: Propiciar estudios acad\u00e9micos de formaci\u00f3n continua, formal y [&hellip;]<\/p>\n","protected":false},"author":1,"featured_media":0,"parent":0,"menu_order":0,"comment_status":"closed","ping_status":"closed","template":"","meta":{"_uag_custom_page_level_css":"","footnotes":""},"class_list":["post-92","page","type-page","status-publish","hentry"],"uagb_featured_image_src":{"full":false,"thumbnail":false,"medium":false,"medium_large":false,"large":false,"1536x1536":false,"2048x2048":false,"elearning-education-featured-image":false,"elearning-education-thumbnail-avatar":false,"woocommerce_thumbnail":false,"woocommerce_single":false,"woocommerce_gallery_thumbnail":false},"uagb_author_info":{"display_name":"upafvadmin","author_link":"https:\/\/www.upafv.edu.ve\/index.php\/author\/upafvadmin\/"},"uagb_comment_info":0,"uagb_excerpt":"La Universidad Popular del Ambiente \u00abFruto Vivas\u00bb tendr\u00e1 los siguientes objetivos estrat\u00e9gicos: Propiciar estudios acad\u00e9micos de formaci\u00f3n continua, formal y [&hellip;]","_links":{"self":[{"href":"https:\/\/www.upafv.edu.ve\/index.php\/wp-json\/wp\/v2\/pages\/92","targetHints":{"allow":["GET"]}}],"collection":[{"href":"https:\/\/www.upafv.edu.ve\/index.php\/wp-json\/wp\/v2\/pages"}],"about":[{"href":"https:\/\/www.upafv.edu.ve\/index.php\/wp-json\/wp\/v2\/types\/page"}],"author":[{"embeddable":true,"href":"https:\/\/www.upafv.edu.ve\/index.php\/wp-json\/wp\/v2\/users\/1"}],"replies":[{"embeddable":true,"href":"https:\/\/www.upafv.edu.ve\/index.php\/wp-json\/wp\/v2\/comments?post=92"}],"version-history":[{"count":2,"href":"https:\/\/www.upafv.edu.ve\/index.php\/wp-json\/wp\/v2\/pages\/92\/revisions"}],"predecessor-version":[{"id":98,"href":"https:\/\/www.upafv.edu.ve\/index.php\/wp-json\/wp\/v2\/pages\/92\/revisions\/98"}],"wp:attachment":[{"href":"https:\/\/www.upafv.edu.ve\/index.php\/wp-json\/wp\/v2\/media?parent=92"}],"curies":[{"name":"wp","href":"https:\/\/api.w.org\/{rel}","templated":true}]}}