{"id":91,"date":"2025-10-09T13:58:37","date_gmt":"2025-10-09T18:28:37","guid":{"rendered":"https:\/\/www.upafv.edu.ve\/?page_id=91"},"modified":"2025-10-09T14:22:30","modified_gmt":"2025-10-09T18:52:30","slug":"vision","status":"publish","type":"page","link":"https:\/\/www.upafv.edu.ve\/index.php\/vision\/","title":{"rendered":"VISI\u00d3N"},"content":{"rendered":"\n\n\t<p>La instituci\u00f3n se proyecta como una casa de estudio que formar\u00e1 profesionales en las carreras ambientales a nivel nacional y con proyecci\u00f3n latinoamericana y caribe\u00f1a, al ofrecer oportunidades de estudios a todos los j\u00f3venes y adultos propuestos por organizaciones sociales de base, instituciones y movimientos ambientalistas.<\/p>\n\n","protected":false},"excerpt":{"rendered":"<p>La instituci\u00f3n se proyecta como una casa de estudio que formar\u00e1 profesionales en las carreras ambientales a nivel nacional y [&hellip;]<\/p>\n","protected":false},"author":1,"featured_media":0,"parent":0,"menu_order":0,"comment_status":"closed","ping_status":"closed","template":"","meta":{"_uag_custom_page_level_css":"","footnotes":""},"class_list":["post-91","page","type-page","status-publish","hentry"],"uagb_featured_image_src":{"full":false,"thumbnail":false,"medium":false,"medium_large":false,"large":false,"1536x1536":false,"2048x2048":false,"elearning-education-featured-image":false,"elearning-education-thumbnail-avatar":false,"woocommerce_thumbnail":false,"woocommerce_single":false,"woocommerce_gallery_thumbnail":false},"uagb_author_info":{"display_name":"upafvadmin","author_link":"https:\/\/www.upafv.edu.ve\/index.php\/author\/upafvadmin\/"},"uagb_comment_info":0,"uagb_excerpt":"La instituci\u00f3n se proyecta como una casa de estudio que formar\u00e1 profesionales en las carreras ambientales a nivel nacional y [&hellip;]","_links":{"self":[{"href":"https:\/\/www.upafv.edu.ve\/index.php\/wp-json\/wp\/v2\/pages\/91","targetHints":{"allow":["GET"]}}],"collection":[{"href":"https:\/\/www.upafv.edu.ve\/index.php\/wp-json\/wp\/v2\/pages"}],"about":[{"href":"https:\/\/www.upafv.edu.ve\/index.php\/wp-json\/wp\/v2\/types\/page"}],"author":[{"embeddable":true,"href":"https:\/\/www.upafv.edu.ve\/index.php\/wp-json\/wp\/v2\/users\/1"}],"replies":[{"embeddable":true,"href":"https:\/\/www.upafv.edu.ve\/index.php\/wp-json\/wp\/v2\/comments?post=91"}],"version-history":[{"count":3,"href":"https:\/\/www.upafv.edu.ve\/index.php\/wp-json\/wp\/v2\/pages\/91\/revisions"}],"predecessor-version":[{"id":105,"href":"https:\/\/www.upafv.edu.ve\/index.php\/wp-json\/wp\/v2\/pages\/91\/revisions\/105"}],"wp:attachment":[{"href":"https:\/\/www.upafv.edu.ve\/index.php\/wp-json\/wp\/v2\/media?parent=91"}],"curies":[{"name":"wp","href":"https:\/\/api.w.org\/{rel}","templated":true}]}}